{"id":4244,"date":"2025-10-31T12:30:58","date_gmt":"2025-10-31T12:30:58","guid":{"rendered":"https:\/\/xn--ibaezceremonia-snb.rkinformatika.online\/?page_id=4244"},"modified":"2025-11-06T08:59:45","modified_gmt":"2025-11-06T08:59:45","slug":"inicio","status":"publish","type":"page","link":"https:\/\/xn--ibaezceremonia-snb.es\/eu\/","title":{"rendered":"INICIO"},"content":{"rendered":"<div data-elementor-type=\"wp-page\" data-elementor-id=\"4244\" class=\"elementor elementor-4244\" data-elementor-post-type=\"page\">\n\t\t\t\t<div class=\"elementor-element elementor-element-57d2285 e-flex e-con-boxed e-con e-parent\" data-id=\"57d2285\" data-element_type=\"container\" data-e-type=\"container\" data-settings=\"{&quot;background_background&quot;:&quot;classic&quot;}\">\n\t\t\t\t\t<div class=\"e-con-inner\">\n\t\t\t\t<div class=\"elementor-element elementor-element-41fa02f animated-slow elementor-widget-tablet__width-initial elementor-invisible elementor-widget elementor-widget-heading\" data-id=\"41fa02f\" data-element_type=\"widget\" data-e-type=\"widget\" data-settings=\"{&quot;_animation&quot;:&quot;fadeIn&quot;}\" data-widget_type=\"heading.default\">\n\t\t\t\t\t<h2 class=\"elementor-heading-title elementor-size-default\">VICTOR MANUEL IB\u00c1\u00d1EZ<\/h2>\t\t\t\t<\/div>\n\t\t\t\t<div class=\"elementor-element elementor-element-bf1fdfa animated-slow elementor-widget-tablet__width-initial elementor-invisible elementor-widget elementor-widget-heading\" data-id=\"bf1fdfa\" data-element_type=\"widget\" data-e-type=\"widget\" data-settings=\"{&quot;_animation&quot;:&quot;fadeIn&quot;}\" data-widget_type=\"heading.default\">\n\t\t\t\t\t<h2 class=\"elementor-heading-title elementor-size-default\">Esperientzia, irizpidea eta dotorezia.<\/h2>\t\t\t\t<\/div>\n\t\t\t\t\t<\/div>\n\t\t\t\t<\/div>\n\t\t<div class=\"elementor-element elementor-element-97bff49 e-flex e-con-boxed e-con e-parent\" data-id=\"97bff49\" data-element_type=\"container\" data-e-type=\"container\" data-settings=\"{&quot;background_background&quot;:&quot;classic&quot;}\">\n\t\t\t\t\t<div class=\"e-con-inner\">\n\t\t<div class=\"elementor-element elementor-element-175f186 e-con-full e-flex e-con e-child\" data-id=\"175f186\" data-element_type=\"container\" data-e-type=\"container\">\n\t\t\t\t<div class=\"elementor-element elementor-element-f4ae4a2 animated-slow elementor-widget__width-initial elementor-invisible elementor-widget elementor-widget-heading\" data-id=\"f4ae4a2\" data-element_type=\"widget\" data-e-type=\"widget\" data-settings=\"{&quot;_animation&quot;:&quot;fadeIn&quot;}\" data-widget_type=\"heading.default\">\n\t\t\t\t\t<h2 class=\"elementor-heading-title elementor-size-default\">1975etik, ondo janzteko artea.<\/h2>\t\t\t\t<\/div>\n\t\t\t\t<div class=\"elementor-element elementor-element-927a596 elementor-hidden-mobile elementor-widget elementor-widget-text-editor\" data-id=\"927a596\" data-element_type=\"widget\" data-e-type=\"widget\" data-widget_type=\"text-editor.default\">\n\t\t\t\t\t\t\t\t\t<p>V\u00edctor Manuel Ib\u00e1\u00f1ezek berrogeita hamar urte daramatza dotoretasuna modan dagoela erakusten. <br \/>Dotorezia maskulinoa ogibide eta hizkuntza bihurtu du.<\/p><p>Bere zigilua nahastezina da: gustu bikaina, xehetasunekiko arreta eta aukera bakoitza gauza pertsonal bihurtzen duen tratua. Victorrek, aholkularia izateaz gain, interpretatzen du.<\/p><p>Badaki aitortzen zer den mesedegarria eta zer ordezkatzen duen bezero bakoitzak. Bere esperientziak eta bere irizpideak erreferentzia bihurtu dute Iba\u00f1ez presentziaz, lasaitasunez eta benetakotasunez jantzi nahi dutenentzat.<\/p><p class=\"cvGsUA direction-ltr align-start para-style-body\"><span class=\"a_GcMg font-feature-liga-off font-feature-clig-off font-feature-calt-off text-decoration-none text-strikethrough-none\">Jantzi, doikuntza eta ehun bakoitza irizpide berarekin aukeratzen dira: <\/span><span class=\"a_GcMg font-feature-liga-off font-feature-clig-off font-feature-calt-off text-decoration-none text-strikethrough-none\">eramaten duenak ispiluan ezagut dezala bere burua.<\/span><\/p><p class=\"cvGsUA direction-ltr align-start para-style-body\"><span class=\"a_GcMg font-feature-liga-off font-feature-clig-off font-feature-calt-off text-decoration-none text-strikethrough-none\">Dendan ideia berarekin aukeratutako jantziak, txalekoak, alkandorak, zapatak eta osagarriak aurkituko dituzu: ongi sentitzen diren jantziak, irauten dutenak eta soinean daramanari buruz ondo hitz egiten dutenak.<\/span><\/p><p class=\"cvGsUA direction-ltr align-start para-style-body\"><span class=\"a_GcMg font-feature-liga-off font-feature-clig-off font-feature-calt-off text-decoration-none text-strikethrough-none\">Instagramen, aukera bakoitzean asmatzeko gakoak emango dizkizugu.<\/span><\/p><p class=\"cvGsUA direction-ltr align-start para-style-body\"><a class=\"a_GcMg font-feature-liga-off font-feature-clig-off font-feature-calt-off text-decoration-underline text-strikethrough-none\" draggable=\"false\" href=\"https:\/\/www.instagram.com\/ibanez_ceremonia\/\" target=\"_blank\" rel=\"noopener\">@ibanez_ceremonia<\/a><\/p>\t\t\t\t\t\t\t\t<\/div>\n\t\t\t\t<div class=\"elementor-element elementor-element-4267ae2 elementor-hidden-desktop elementor-hidden-tablet elementor-widget elementor-widget-text-editor\" data-id=\"4267ae2\" data-element_type=\"widget\" data-e-type=\"widget\" data-widget_type=\"text-editor.default\">\n\t\t\t\t\t\t\t\t\t<p>V\u00edctor Manuel Ib\u00e1\u00f1ez te asesora para que encuentres el traje que mejor encaje contigo, sea para tu boda, un evento, tu d\u00eda a d\u00eda o una graduaci\u00f3n.<br \/>Contamos con taller propio, confecci\u00f3n a medida y una cuidada selecci\u00f3n de camisas, chalecos, zapatos y complementos.<\/p><p class=\"cvGsUA direction-ltr align-start para-style-body\"><span class=\"a_GcMg font-feature-liga-off font-feature-clig-off font-feature-calt-off text-decoration-none text-strikethrough-none\">Instagramen, aukera bakoitzean asmatzeko gakoak emango dizkizugu.<\/span><\/p><p class=\"cvGsUA direction-ltr align-start para-style-body\"><a class=\"a_GcMg font-feature-liga-off font-feature-clig-off font-feature-calt-off text-decoration-underline text-strikethrough-none\" draggable=\"false\" href=\"https:\/\/www.instagram.com\/ibanez_ceremonia\/\" target=\"_blank\" rel=\"noopener\">@ibanez_ceremonia<\/a><\/p>\t\t\t\t\t\t\t\t<\/div>\n\t\t\t\t<\/div>\n\t\t<div class=\"elementor-element elementor-element-7d6f39f e-con-full e-flex e-con e-child\" data-id=\"7d6f39f\" data-element_type=\"container\" data-e-type=\"container\" data-settings=\"{&quot;background_background&quot;:&quot;classic&quot;}\">\n\t\t\t\t<div class=\"elementor-element elementor-element-d04bd2e elementor-widget elementor-widget-image\" data-id=\"d04bd2e\" data-element_type=\"widget\" data-e-type=\"widget\" data-widget_type=\"image.default\">\n\t\t\t\t\t\t\t\t\t\t\t\t\t\t\t<img fetchpriority=\"high\" decoding=\"async\" width=\"1800\" height=\"2400\" src=\"https:\/\/xn--ibaezceremonia-snb.es\/wp-content\/uploads\/2025\/11\/image00001.jpeg\" class=\"attachment-full size-full wp-image-4860\" alt=\"\" srcset=\"https:\/\/xn--ibaezceremonia-snb.es\/wp-content\/uploads\/2025\/11\/image00001.jpeg 1800w, https:\/\/xn--ibaezceremonia-snb.es\/wp-content\/uploads\/2025\/11\/image00001-225x300.jpeg 225w, https:\/\/xn--ibaezceremonia-snb.es\/wp-content\/uploads\/2025\/11\/image00001-768x1024.jpeg 768w, https:\/\/xn--ibaezceremonia-snb.es\/wp-content\/uploads\/2025\/11\/image00001-1152x1536.jpeg 1152w, https:\/\/xn--ibaezceremonia-snb.es\/wp-content\/uploads\/2025\/11\/image00001-1536x2048.jpeg 1536w, https:\/\/xn--ibaezceremonia-snb.es\/wp-content\/uploads\/2025\/11\/image00001-9x12.jpeg 9w\" sizes=\"(max-width: 1800px) 100vw, 1800px\" \/>\t\t\t\t\t\t\t\t\t\t\t\t\t\t\t<\/div>\n\t\t\t\t<\/div>\n\t\t\t\t\t<\/div>\n\t\t\t\t<\/div>\n\t\t\t\t<\/div>","protected":false},"excerpt":{"rendered":"<p>VICTOR MANUEL IB\u00c1\u00d1EZ Experiencia, criterio y elegancia. Desde 1975, el arte de vestir bien. V\u00edctor Manuel Ib\u00e1\u00f1ez lleva cincuenta a\u00f1os demostrando que la elegancia no pasa de moda. Ha hecho de la elegancia masculina su oficio y su lenguaje. Su sello es inconfundible: gusto impecable, atenci\u00f3n al detalle y un trato que convierte cada elecci\u00f3n [&hellip;]<\/p>\n","protected":false},"author":1,"featured_media":0,"parent":0,"menu_order":0,"comment_status":"closed","ping_status":"closed","template":"elementor_canvas","meta":{"footnotes":""},"class_list":["post-4244","page","type-page","status-publish","hentry"],"yoast_head":"<!-- This site is optimized with the Yoast SEO plugin v27.4 - https:\/\/yoast.com\/product\/yoast-seo-wordpress\/ -->\n<title>INICIO - Iba\u00f1ez Ceremonia<\/title>\n<meta name=\"robots\" content=\"index, follow, max-snippet:-1, max-image-preview:large, max-video-preview:-1\" \/>\n<link rel=\"canonical\" href=\"https:\/\/xn--ibaezceremonia-snb.es\/eu\/\" \/>\n<meta property=\"og:locale\" content=\"en_US\" \/>\n<meta property=\"og:type\" content=\"article\" \/>\n<meta property=\"og:title\" content=\"INICIO - Iba\u00f1ez Ceremonia\" \/>\n<meta property=\"og:description\" content=\"VICTOR MANUEL IB\u00c1\u00d1EZ Experiencia, criterio y elegancia. Desde 1975, el arte de vestir bien. V\u00edctor Manuel Ib\u00e1\u00f1ez lleva cincuenta a\u00f1os demostrando que la elegancia no pasa de moda. Ha hecho de la elegancia masculina su oficio y su lenguaje. Su sello es inconfundible: gusto impecable, atenci\u00f3n al detalle y un trato que convierte cada elecci\u00f3n [&hellip;]\" \/>\n<meta property=\"og:url\" content=\"https:\/\/xn--ibaezceremonia-snb.es\/eu\/\" \/>\n<meta property=\"og:site_name\" content=\"Iba\u00f1ez Ceremonia\" \/>\n<meta property=\"article:modified_time\" content=\"2025-11-06T08:59:45+00:00\" \/>\n<meta property=\"og:image\" content=\"https:\/\/xn--ibaezceremonia-snb.es\/wp-content\/uploads\/2025\/11\/image00001.jpeg\" \/>\n<meta name=\"twitter:card\" content=\"summary_large_image\" \/>\n<meta name=\"twitter:label1\" content=\"Est. reading time\" \/>\n\t<meta name=\"twitter:data1\" content=\"1 minutua\" \/>\n<script type=\"application\/ld+json\" class=\"yoast-schema-graph\">{\"@context\":\"https:\\\/\\\/schema.org\",\"@graph\":[{\"@type\":\"WebPage\",\"@id\":\"https:\\\/\\\/xn--ibaezceremonia-snb.es\\\/\",\"url\":\"https:\\\/\\\/xn--ibaezceremonia-snb.es\\\/\",\"name\":\"INICIO - Iba\u00f1ez Ceremonia\",\"isPartOf\":{\"@id\":\"https:\\\/\\\/xn--ibaezceremonia-snb.es\\\/#website\"},\"primaryImageOfPage\":{\"@id\":\"https:\\\/\\\/xn--ibaezceremonia-snb.es\\\/#primaryimage\"},\"image\":{\"@id\":\"https:\\\/\\\/xn--ibaezceremonia-snb.es\\\/#primaryimage\"},\"thumbnailUrl\":\"https:\\\/\\\/xn--ibaezceremonia-snb.es\\\/wp-content\\\/uploads\\\/2025\\\/11\\\/image00001.jpeg\",\"datePublished\":\"2025-10-31T12:30:58+00:00\",\"dateModified\":\"2025-11-06T08:59:45+00:00\",\"breadcrumb\":{\"@id\":\"https:\\\/\\\/xn--ibaezceremonia-snb.es\\\/#breadcrumb\"},\"inLanguage\":\"eu\",\"potentialAction\":[{\"@type\":\"ReadAction\",\"target\":[\"https:\\\/\\\/xn--ibaezceremonia-snb.es\\\/\"]}]},{\"@type\":\"ImageObject\",\"inLanguage\":\"eu\",\"@id\":\"https:\\\/\\\/xn--ibaezceremonia-snb.es\\\/#primaryimage\",\"url\":\"https:\\\/\\\/xn--ibaezceremonia-snb.es\\\/wp-content\\\/uploads\\\/2025\\\/11\\\/image00001.jpeg\",\"contentUrl\":\"https:\\\/\\\/xn--ibaezceremonia-snb.es\\\/wp-content\\\/uploads\\\/2025\\\/11\\\/image00001.jpeg\"},{\"@type\":\"BreadcrumbList\",\"@id\":\"https:\\\/\\\/xn--ibaezceremonia-snb.es\\\/#breadcrumb\",\"itemListElement\":[{\"@type\":\"ListItem\",\"position\":1,\"name\":\"Portada\",\"item\":\"https:\\\/\\\/xn--ibaezceremonia-snb.es\\\/\"},{\"@type\":\"ListItem\",\"position\":2,\"name\":\"INICIO\"}]},{\"@type\":\"WebSite\",\"@id\":\"https:\\\/\\\/xn--ibaezceremonia-snb.es\\\/#website\",\"url\":\"https:\\\/\\\/xn--ibaezceremonia-snb.es\\\/\",\"name\":\"Iba\u00f1ez Ceremonia\",\"description\":\"En la tienda encontrar\u00e1s trajes, chalecos, camisas, zapatos y complementos, seleccionados con la misma idea: prendas que sientan bien, duren y hablen bien de quien las lleva.\",\"publisher\":{\"@id\":\"https:\\\/\\\/xn--ibaezceremonia-snb.es\\\/#organization\"},\"potentialAction\":[{\"@type\":\"SearchAction\",\"target\":{\"@type\":\"EntryPoint\",\"urlTemplate\":\"https:\\\/\\\/xn--ibaezceremonia-snb.es\\\/?s={search_term_string}\"},\"query-input\":{\"@type\":\"PropertyValueSpecification\",\"valueRequired\":true,\"valueName\":\"search_term_string\"}}],\"inLanguage\":\"eu\"},{\"@type\":\"Organization\",\"@id\":\"https:\\\/\\\/xn--ibaezceremonia-snb.es\\\/#organization\",\"name\":\"Iba\u00f1ez Ceremonia\",\"url\":\"https:\\\/\\\/xn--ibaezceremonia-snb.es\\\/\",\"logo\":{\"@type\":\"ImageObject\",\"inLanguage\":\"eu\",\"@id\":\"https:\\\/\\\/xn--ibaezceremonia-snb.es\\\/#\\\/schema\\\/logo\\\/image\\\/\",\"url\":\"https:\\\/\\\/xn--ibaezceremonia-snb.es\\\/wp-content\\\/uploads\\\/2025\\\/10\\\/cropped-cropped-Diseno-sin-titulo-2.png\",\"contentUrl\":\"https:\\\/\\\/xn--ibaezceremonia-snb.es\\\/wp-content\\\/uploads\\\/2025\\\/10\\\/cropped-cropped-Diseno-sin-titulo-2.png\",\"width\":512,\"height\":380,\"caption\":\"Iba\u00f1ez Ceremonia\"},\"image\":{\"@id\":\"https:\\\/\\\/xn--ibaezceremonia-snb.es\\\/#\\\/schema\\\/logo\\\/image\\\/\"}}]}<\/script>\n<!-- \/ Yoast SEO plugin. -->","yoast_head_json":{"title":"INICIO - Iba\u00f1ez Ceremonia","robots":{"index":"index","follow":"follow","max-snippet":"max-snippet:-1","max-image-preview":"max-image-preview:large","max-video-preview":"max-video-preview:-1"},"canonical":"https:\/\/xn--ibaezceremonia-snb.es\/eu\/","og_locale":"en_US","og_type":"article","og_title":"INICIO - Iba\u00f1ez Ceremonia","og_description":"VICTOR MANUEL IB\u00c1\u00d1EZ Experiencia, criterio y elegancia. Desde 1975, el arte de vestir bien. V\u00edctor Manuel Ib\u00e1\u00f1ez lleva cincuenta a\u00f1os demostrando que la elegancia no pasa de moda. Ha hecho de la elegancia masculina su oficio y su lenguaje. Su sello es inconfundible: gusto impecable, atenci\u00f3n al detalle y un trato que convierte cada elecci\u00f3n [&hellip;]","og_url":"https:\/\/xn--ibaezceremonia-snb.es\/eu\/","og_site_name":"Iba\u00f1ez Ceremonia","article_modified_time":"2025-11-06T08:59:45+00:00","og_image":[{"url":"https:\/\/xn--ibaezceremonia-snb.es\/wp-content\/uploads\/2025\/11\/image00001.jpeg","type":"","width":"","height":""}],"twitter_card":"summary_large_image","twitter_misc":{"Est. reading time":"1 minutua"},"schema":{"@context":"https:\/\/schema.org","@graph":[{"@type":"WebPage","@id":"https:\/\/xn--ibaezceremonia-snb.es\/","url":"https:\/\/xn--ibaezceremonia-snb.es\/","name":"INICIO - Iba\u00f1ez Ceremonia","isPartOf":{"@id":"https:\/\/xn--ibaezceremonia-snb.es\/#website"},"primaryImageOfPage":{"@id":"https:\/\/xn--ibaezceremonia-snb.es\/#primaryimage"},"image":{"@id":"https:\/\/xn--ibaezceremonia-snb.es\/#primaryimage"},"thumbnailUrl":"https:\/\/xn--ibaezceremonia-snb.es\/wp-content\/uploads\/2025\/11\/image00001.jpeg","datePublished":"2025-10-31T12:30:58+00:00","dateModified":"2025-11-06T08:59:45+00:00","breadcrumb":{"@id":"https:\/\/xn--ibaezceremonia-snb.es\/#breadcrumb"},"inLanguage":"eu","potentialAction":[{"@type":"ReadAction","target":["https:\/\/xn--ibaezceremonia-snb.es\/"]}]},{"@type":"ImageObject","inLanguage":"eu","@id":"https:\/\/xn--ibaezceremonia-snb.es\/#primaryimage","url":"https:\/\/xn--ibaezceremonia-snb.es\/wp-content\/uploads\/2025\/11\/image00001.jpeg","contentUrl":"https:\/\/xn--ibaezceremonia-snb.es\/wp-content\/uploads\/2025\/11\/image00001.jpeg"},{"@type":"BreadcrumbList","@id":"https:\/\/xn--ibaezceremonia-snb.es\/#breadcrumb","itemListElement":[{"@type":"ListItem","position":1,"name":"Portada","item":"https:\/\/xn--ibaezceremonia-snb.es\/"},{"@type":"ListItem","position":2,"name":"INICIO"}]},{"@type":"WebSite","@id":"https:\/\/xn--ibaezceremonia-snb.es\/#website","url":"https:\/\/xn--ibaezceremonia-snb.es\/","name":"Iba\u00f1ez Ceremonia","description":"Dendan ideia berarekin aukeratutako jantziak, txalekoak, alkandorak, zapatak eta osagarriak aurkituko dituzu: ongi sentitzen diren jantziak, irauten dutenak eta soinean daramanari buruz ondo hitz egiten dutenak.","publisher":{"@id":"https:\/\/xn--ibaezceremonia-snb.es\/#organization"},"potentialAction":[{"@type":"SearchAction","target":{"@type":"EntryPoint","urlTemplate":"https:\/\/xn--ibaezceremonia-snb.es\/?s={search_term_string}"},"query-input":{"@type":"PropertyValueSpecification","valueRequired":true,"valueName":"search_term_string"}}],"inLanguage":"eu"},{"@type":"Organization","@id":"https:\/\/xn--ibaezceremonia-snb.es\/#organization","name":"Iba\u00f1ez Ceremonia","url":"https:\/\/xn--ibaezceremonia-snb.es\/","logo":{"@type":"ImageObject","inLanguage":"eu","@id":"https:\/\/xn--ibaezceremonia-snb.es\/#\/schema\/logo\/image\/","url":"https:\/\/xn--ibaezceremonia-snb.es\/wp-content\/uploads\/2025\/10\/cropped-cropped-Diseno-sin-titulo-2.png","contentUrl":"https:\/\/xn--ibaezceremonia-snb.es\/wp-content\/uploads\/2025\/10\/cropped-cropped-Diseno-sin-titulo-2.png","width":512,"height":380,"caption":"Iba\u00f1ez Ceremonia"},"image":{"@id":"https:\/\/xn--ibaezceremonia-snb.es\/#\/schema\/logo\/image\/"}}]}},"_links":{"self":[{"href":"https:\/\/xn--ibaezceremonia-snb.es\/eu\/wp-json\/wp\/v2\/pages\/4244","targetHints":{"allow":["GET"]}}],"collection":[{"href":"https:\/\/xn--ibaezceremonia-snb.es\/eu\/wp-json\/wp\/v2\/pages"}],"about":[{"href":"https:\/\/xn--ibaezceremonia-snb.es\/eu\/wp-json\/wp\/v2\/types\/page"}],"author":[{"embeddable":true,"href":"https:\/\/xn--ibaezceremonia-snb.es\/eu\/wp-json\/wp\/v2\/users\/1"}],"replies":[{"embeddable":true,"href":"https:\/\/xn--ibaezceremonia-snb.es\/eu\/wp-json\/wp\/v2\/comments?post=4244"}],"version-history":[{"count":106,"href":"https:\/\/xn--ibaezceremonia-snb.es\/eu\/wp-json\/wp\/v2\/pages\/4244\/revisions"}],"predecessor-version":[{"id":4912,"href":"https:\/\/xn--ibaezceremonia-snb.es\/eu\/wp-json\/wp\/v2\/pages\/4244\/revisions\/4912"}],"wp:attachment":[{"href":"https:\/\/xn--ibaezceremonia-snb.es\/eu\/wp-json\/wp\/v2\/media?parent=4244"}],"curies":[{"name":"wp","href":"https:\/\/api.w.org\/{rel}","templated":true}]}}