{"id":28,"date":"2025-10-13T15:35:16","date_gmt":"2025-10-13T15:35:16","guid":{"rendered":"https:\/\/xn--ibaezceremonia-snb.rkinformatika.online\/?page_id=28"},"modified":"2025-11-06T09:16:32","modified_gmt":"2025-11-06T09:16:32","slug":"los-detalles","status":"publish","type":"page","link":"https:\/\/xn--ibaezceremonia-snb.es\/eu\/los-detalles\/","title":{"rendered":"XEHETASUNAK"},"content":{"rendered":"<div data-elementor-type=\"wp-page\" data-elementor-id=\"28\" class=\"elementor elementor-28\" data-elementor-post-type=\"page\">\n\t\t\t\t<div class=\"elementor-element elementor-element-6952249 e-flex e-con-boxed e-con e-parent\" data-id=\"6952249\" data-element_type=\"container\" data-e-type=\"container\" data-settings=\"{&quot;background_background&quot;:&quot;classic&quot;}\">\n\t\t\t\t\t<div class=\"e-con-inner\">\n\t\t<div class=\"elementor-element elementor-element-5adbc8f e-con-full e-flex e-con e-child\" data-id=\"5adbc8f\" data-element_type=\"container\" data-e-type=\"container\">\n\t\t\t\t<div class=\"elementor-element elementor-element-ecd5ebb animated-slow elementor-widget__width-initial elementor-invisible elementor-widget elementor-widget-heading\" data-id=\"ecd5ebb\" data-element_type=\"widget\" data-e-type=\"widget\" data-settings=\"{&quot;_animation&quot;:&quot;fadeIn&quot;}\" data-widget_type=\"heading.default\">\n\t\t\t\t\t<h2 class=\"elementor-heading-title elementor-size-default\">LOS DETALLES IMPORTAN\n<\/h2>\t\t\t\t<\/div>\n\t\t\t\t<div class=\"elementor-element elementor-element-f52cae8 elementor-widget elementor-widget-text-editor\" data-id=\"f52cae8\" data-element_type=\"widget\" data-e-type=\"widget\" data-widget_type=\"text-editor.default\">\n\t\t\t\t\t\t\t\t\t<p class=\"cvGsUA direction-ltr align-start para-style-body\"><span class=\"a_GcMg font-feature-liga-off font-feature-clig-off font-feature-calt-off text-decoration-none text-strikethrough-none\">Un traje no termina en la chaqueta ni en el pantal\u00f3n.<strong> La diferencia entre vestirse y tener estilo est\u00e1 en los detalles.<\/strong><\/span><\/p><p class=\"cvGsUA direction-ltr align-start para-style-body\"><span class=\"a_GcMg font-feature-liga-off font-feature-clig-off font-feature-calt-off text-decoration-none text-strikethrough-none\">En Ib\u00e1\u00f1ez cuidamos cada elemento que completa el conjunto: chalecos, camisas, corbatas, tirantes, cinturones, calcetines y zapatos, elegidos con el mismo criterio con el que se elige un buen tejido.<\/span><\/p><p class=\"cvGsUA direction-ltr align-start para-style-body\"><span class=\"a_GcMg font-feature-liga-off font-feature-clig-off font-feature-calt-off text-decoration-none text-strikethrough-none\"><strong>El chaleco es una de nuestras se\u00f1as de identidad<\/strong>. Los confeccionamos con el mismo tejido delante y detr\u00e1s, para que mantengan su presencia incluso cuando se quita la chaqueta. Una tradici\u00f3n que distinguimos y que seguimos por respeto al oficio.<\/span><\/p><p class=\"cvGsUA direction-ltr align-start para-style-body\"><span class=\"a_GcMg font-feature-liga-off font-feature-clig-off font-feature-calt-off text-decoration-none text-strikethrough-none\"><strong>Los zapatos que ofrecemos son de piel flexible y l\u00edneas limpias<\/strong>, pensados para acompa\u00f1ar cada paso con comodidad y discreci\u00f3n. <\/span><span class=\"a_GcMg font-feature-liga-off font-feature-clig-off font-feature-calt-off text-decoration-none text-strikethrough-none\">Porque la elegancia tambi\u00e9n se reconoce al andar.<\/span><\/p><p>Y entre los accesorios, cada uno tiene su papel: Una pajarita puede ser un gesto de car\u00e1cter. Una corbata bien elegida, el punto exacto de equilibrio.<\/p><p class=\"cvGsUA direction-ltr align-start para-style-body\"><span class=\"a_GcMg font-feature-liga-off font-feature-clig-off font-feature-calt-off text-decoration-none text-strikethrough-none\">En Ib\u00e1\u00f1ez no vendemos complementos: <\/span><span class=\"a_GcMg font-feature-liga-off font-feature-clig-off font-feature-calt-off text-decoration-none text-strikethrough-none\">seleccionamos <strong>los detalles que completan tu manera de vestir.\u00a0<\/strong><\/span><\/p>\t\t\t\t\t\t\t\t<\/div>\n\t\t\t\t<div class=\"elementor-element elementor-element-5728aa9 elementor-align-center elementor-mobile-align-center elementor-widget__width-initial elementor-widget-mobile__width-initial elementor-widget elementor-widget-button\" data-id=\"5728aa9\" data-element_type=\"widget\" data-e-type=\"widget\" data-widget_type=\"button.default\">\n\t\t\t\t\t\t\t\t\t\t<a class=\"elementor-button elementor-button-link elementor-size-sm\" href=\"tel:%20945%2024%2013%2090\">\n\t\t\t\t\t\t<span class=\"elementor-button-content-wrapper\">\n\t\t\t\t\t\t\t\t\t<span class=\"elementor-button-text\">Solicita tu cita<\/span>\n\t\t\t\t\t<\/span>\n\t\t\t\t\t<\/a>\n\t\t\t\t\t\t\t\t<\/div>\n\t\t\t\t<\/div>\n\t\t\t\t\t<\/div>\n\t\t\t\t<\/div>\n\t\t<div class=\"elementor-element elementor-element-51a37ca e-flex e-con-boxed e-con e-parent\" data-id=\"51a37ca\" data-element_type=\"container\" data-e-type=\"container\" data-settings=\"{&quot;background_background&quot;:&quot;classic&quot;}\">\n\t\t\t\t\t<div class=\"e-con-inner\">\n\t\t\t\t<div class=\"elementor-element elementor-element-889146e elementor-widget elementor-widget-gallery\" data-id=\"889146e\" data-element_type=\"widget\" data-e-type=\"widget\" data-settings=\"{&quot;columns_tablet&quot;:4,&quot;columns_mobile&quot;:2,&quot;gap&quot;:{&quot;unit&quot;:&quot;px&quot;,&quot;size&quot;:5,&quot;sizes&quot;:[]},&quot;aspect_ratio&quot;:&quot;4:3&quot;,&quot;background_overlay_hover_animation&quot;:&quot;enter-from-bottom&quot;,&quot;overlay_title&quot;:&quot;title&quot;,&quot;gallery_layout&quot;:&quot;grid&quot;,&quot;columns&quot;:4,&quot;gap_tablet&quot;:{&quot;unit&quot;:&quot;px&quot;,&quot;size&quot;:10,&quot;sizes&quot;:[]},&quot;gap_mobile&quot;:{&quot;unit&quot;:&quot;px&quot;,&quot;size&quot;:10,&quot;sizes&quot;:[]},&quot;link_to&quot;:&quot;file&quot;,&quot;overlay_background&quot;:&quot;yes&quot;,&quot;content_hover_animation&quot;:&quot;fade-in&quot;}\" data-widget_type=\"gallery.default\">\n\t\t\t\t\t\t\t<div class=\"elementor-gallery__container\">\n\t\t\t\t\t\t\t<a class=\"e-gallery-item elementor-gallery-item elementor-animated-content\" href=\"https:\/\/xn--ibaezceremonia-snb.es\/wp-content\/uploads\/2025\/11\/image00014.jpeg\" data-elementor-open-lightbox=\"yes\" data-elementor-lightbox-slideshow=\"889146e\" data-e-action-hash=\"#elementor-action%3Aaction%3Dlightbox%26settings%3DeyJpZCI6NDg0NywidXJsIjoiaHR0cHM6XC9cL3huLS1pYmFlemNlcmVtb25pYS1zbmIuZXNcL3dwLWNvbnRlbnRcL3VwbG9hZHNcLzIwMjVcLzExXC9pbWFnZTAwMDE0LmpwZWciLCJzbGlkZXNob3ciOiI4ODkxNDZlIn0%3D\">\n\t\t\t\t\t<div class=\"e-gallery-image elementor-gallery-item__image\" data-thumbnail=\"https:\/\/xn--ibaezceremonia-snb.es\/wp-content\/uploads\/2025\/11\/image00014.jpeg\" data-width=\"1800\" data-height=\"2400\" aria-label=\"\" role=\"img\" ><\/div>\n\t\t\t\t\t\t\t\t\t\t\t<div class=\"elementor-gallery-item__overlay\"><\/div>\n\t\t\t\t\t\t\t\t\t\t\t\t\t\t\t<div class=\"elementor-gallery-item__content\">\n\t\t\t\t\t\t\t\t\t\t\t<\/div>\n\t\t\t\t\t\t\t\t\t<\/a>\n\t\t\t\t\t\t\t<a class=\"e-gallery-item elementor-gallery-item elementor-animated-content\" href=\"https:\/\/xn--ibaezceremonia-snb.es\/wp-content\/uploads\/2025\/11\/image00013.jpeg\" data-elementor-open-lightbox=\"yes\" data-elementor-lightbox-slideshow=\"889146e\" data-e-action-hash=\"#elementor-action%3Aaction%3Dlightbox%26settings%3DeyJpZCI6NDg0NiwidXJsIjoiaHR0cHM6XC9cL3huLS1pYmFlemNlcmVtb25pYS1zbmIuZXNcL3dwLWNvbnRlbnRcL3VwbG9hZHNcLzIwMjVcLzExXC9pbWFnZTAwMDEzLmpwZWciLCJzbGlkZXNob3ciOiI4ODkxNDZlIn0%3D\">\n\t\t\t\t\t<div class=\"e-gallery-image elementor-gallery-item__image\" data-thumbnail=\"https:\/\/xn--ibaezceremonia-snb.es\/wp-content\/uploads\/2025\/11\/image00013.jpeg\" data-width=\"1800\" data-height=\"2400\" aria-label=\"\" role=\"img\" ><\/div>\n\t\t\t\t\t\t\t\t\t\t\t<div class=\"elementor-gallery-item__overlay\"><\/div>\n\t\t\t\t\t\t\t\t\t\t\t\t\t\t\t<div class=\"elementor-gallery-item__content\">\n\t\t\t\t\t\t\t\t\t\t\t<\/div>\n\t\t\t\t\t\t\t\t\t<\/a>\n\t\t\t\t\t\t\t<a class=\"e-gallery-item elementor-gallery-item elementor-animated-content\" href=\"https:\/\/xn--ibaezceremonia-snb.es\/wp-content\/uploads\/2025\/11\/image00012.jpeg\" data-elementor-open-lightbox=\"yes\" data-elementor-lightbox-slideshow=\"889146e\" data-e-action-hash=\"#elementor-action%3Aaction%3Dlightbox%26settings%3DeyJpZCI6NDg0NSwidXJsIjoiaHR0cHM6XC9cL3huLS1pYmFlemNlcmVtb25pYS1zbmIuZXNcL3dwLWNvbnRlbnRcL3VwbG9hZHNcLzIwMjVcLzExXC9pbWFnZTAwMDEyLmpwZWciLCJzbGlkZXNob3ciOiI4ODkxNDZlIn0%3D\">\n\t\t\t\t\t<div class=\"e-gallery-image elementor-gallery-item__image\" data-thumbnail=\"https:\/\/xn--ibaezceremonia-snb.es\/wp-content\/uploads\/2025\/11\/image00012.jpeg\" data-width=\"650\" data-height=\"650\" aria-label=\"\" role=\"img\" ><\/div>\n\t\t\t\t\t\t\t\t\t\t\t<div class=\"elementor-gallery-item__overlay\"><\/div>\n\t\t\t\t\t\t\t\t\t\t\t\t\t\t\t<div class=\"elementor-gallery-item__content\">\n\t\t\t\t\t\t\t\t\t\t\t<\/div>\n\t\t\t\t\t\t\t\t\t<\/a>\n\t\t\t\t\t\t\t<a class=\"e-gallery-item elementor-gallery-item elementor-animated-content\" href=\"https:\/\/xn--ibaezceremonia-snb.es\/wp-content\/uploads\/2025\/11\/image00015.jpeg\" data-elementor-open-lightbox=\"yes\" data-elementor-lightbox-slideshow=\"889146e\" data-e-action-hash=\"#elementor-action%3Aaction%3Dlightbox%26settings%3DeyJpZCI6NDg0OCwidXJsIjoiaHR0cHM6XC9cL3huLS1pYmFlemNlcmVtb25pYS1zbmIuZXNcL3dwLWNvbnRlbnRcL3VwbG9hZHNcLzIwMjVcLzExXC9pbWFnZTAwMDE1LmpwZWciLCJzbGlkZXNob3ciOiI4ODkxNDZlIn0%3D\">\n\t\t\t\t\t<div class=\"e-gallery-image elementor-gallery-item__image\" data-thumbnail=\"https:\/\/xn--ibaezceremonia-snb.es\/wp-content\/uploads\/2025\/11\/image00015.jpeg\" data-width=\"1800\" data-height=\"2400\" aria-label=\"\" role=\"img\" ><\/div>\n\t\t\t\t\t\t\t\t\t\t\t<div class=\"elementor-gallery-item__overlay\"><\/div>\n\t\t\t\t\t\t\t\t\t\t\t\t\t\t\t<div class=\"elementor-gallery-item__content\">\n\t\t\t\t\t\t\t\t\t\t\t<\/div>\n\t\t\t\t\t\t\t\t\t<\/a>\n\t\t\t\t\t\t\t<a class=\"e-gallery-item elementor-gallery-item elementor-animated-content\" href=\"https:\/\/xn--ibaezceremonia-snb.es\/wp-content\/uploads\/2025\/11\/image00016.jpeg\" data-elementor-open-lightbox=\"yes\" data-elementor-lightbox-slideshow=\"889146e\" data-e-action-hash=\"#elementor-action%3Aaction%3Dlightbox%26settings%3DeyJpZCI6NDg0OSwidXJsIjoiaHR0cHM6XC9cL3huLS1pYmFlemNlcmVtb25pYS1zbmIuZXNcL3dwLWNvbnRlbnRcL3VwbG9hZHNcLzIwMjVcLzExXC9pbWFnZTAwMDE2LmpwZWciLCJzbGlkZXNob3ciOiI4ODkxNDZlIn0%3D\">\n\t\t\t\t\t<div class=\"e-gallery-image elementor-gallery-item__image\" data-thumbnail=\"https:\/\/xn--ibaezceremonia-snb.es\/wp-content\/uploads\/2025\/11\/image00016.jpeg\" data-width=\"650\" data-height=\"650\" aria-label=\"\" role=\"img\" ><\/div>\n\t\t\t\t\t\t\t\t\t\t\t<div class=\"elementor-gallery-item__overlay\"><\/div>\n\t\t\t\t\t\t\t\t\t\t\t\t\t\t\t<div class=\"elementor-gallery-item__content\">\n\t\t\t\t\t\t\t\t\t\t\t<\/div>\n\t\t\t\t\t\t\t\t\t<\/a>\n\t\t\t\t\t\t\t<a class=\"e-gallery-item elementor-gallery-item elementor-animated-content\" href=\"https:\/\/xn--ibaezceremonia-snb.es\/wp-content\/uploads\/2025\/11\/image00011.jpeg\" data-elementor-open-lightbox=\"yes\" data-elementor-lightbox-slideshow=\"889146e\" data-e-action-hash=\"#elementor-action%3Aaction%3Dlightbox%26settings%3DeyJpZCI6NDg0NCwidXJsIjoiaHR0cHM6XC9cL3huLS1pYmFlemNlcmVtb25pYS1zbmIuZXNcL3dwLWNvbnRlbnRcL3VwbG9hZHNcLzIwMjVcLzExXC9pbWFnZTAwMDExLmpwZWciLCJzbGlkZXNob3ciOiI4ODkxNDZlIn0%3D\">\n\t\t\t\t\t<div class=\"e-gallery-image elementor-gallery-item__image\" data-thumbnail=\"https:\/\/xn--ibaezceremonia-snb.es\/wp-content\/uploads\/2025\/11\/image00011.jpeg\" data-width=\"650\" data-height=\"650\" aria-label=\"\" role=\"img\" ><\/div>\n\t\t\t\t\t\t\t\t\t\t\t<div class=\"elementor-gallery-item__overlay\"><\/div>\n\t\t\t\t\t\t\t\t\t\t\t\t\t\t\t<div class=\"elementor-gallery-item__content\">\n\t\t\t\t\t\t\t\t\t\t\t<\/div>\n\t\t\t\t\t\t\t\t\t<\/a>\n\t\t\t\t\t\t\t<a class=\"e-gallery-item elementor-gallery-item elementor-animated-content\" href=\"https:\/\/xn--ibaezceremonia-snb.es\/wp-content\/uploads\/2025\/11\/image00005.jpeg\" data-elementor-open-lightbox=\"yes\" data-elementor-lightbox-slideshow=\"889146e\" data-e-action-hash=\"#elementor-action%3Aaction%3Dlightbox%26settings%3DeyJpZCI6NDg2NywidXJsIjoiaHR0cHM6XC9cL3huLS1pYmFlemNlcmVtb25pYS1zbmIuZXNcL3dwLWNvbnRlbnRcL3VwbG9hZHNcLzIwMjVcLzExXC9pbWFnZTAwMDA1LmpwZWciLCJzbGlkZXNob3ciOiI4ODkxNDZlIn0%3D\">\n\t\t\t\t\t<div class=\"e-gallery-image elementor-gallery-item__image\" data-thumbnail=\"https:\/\/xn--ibaezceremonia-snb.es\/wp-content\/uploads\/2025\/11\/image00005.jpeg\" data-width=\"650\" data-height=\"650\" aria-label=\"\" role=\"img\" ><\/div>\n\t\t\t\t\t\t\t\t\t\t\t<div class=\"elementor-gallery-item__overlay\"><\/div>\n\t\t\t\t\t\t\t\t\t\t\t\t\t\t\t<div class=\"elementor-gallery-item__content\">\n\t\t\t\t\t\t\t\t\t\t\t<\/div>\n\t\t\t\t\t\t\t\t\t<\/a>\n\t\t\t\t\t\t\t<a class=\"e-gallery-item elementor-gallery-item elementor-animated-content\" href=\"https:\/\/xn--ibaezceremonia-snb.es\/wp-content\/uploads\/2025\/11\/image00010.jpeg\" data-elementor-open-lightbox=\"yes\" data-elementor-lightbox-slideshow=\"889146e\" data-e-action-hash=\"#elementor-action%3Aaction%3Dlightbox%26settings%3DeyJpZCI6NDg0MywidXJsIjoiaHR0cHM6XC9cL3huLS1pYmFlemNlcmVtb25pYS1zbmIuZXNcL3dwLWNvbnRlbnRcL3VwbG9hZHNcLzIwMjVcLzExXC9pbWFnZTAwMDEwLmpwZWciLCJzbGlkZXNob3ciOiI4ODkxNDZlIn0%3D\">\n\t\t\t\t\t<div class=\"e-gallery-image elementor-gallery-item__image\" data-thumbnail=\"https:\/\/xn--ibaezceremonia-snb.es\/wp-content\/uploads\/2025\/11\/image00010.jpeg\" data-width=\"650\" data-height=\"650\" aria-label=\"\" role=\"img\" ><\/div>\n\t\t\t\t\t\t\t\t\t\t\t<div class=\"elementor-gallery-item__overlay\"><\/div>\n\t\t\t\t\t\t\t\t\t\t\t\t\t\t\t<div class=\"elementor-gallery-item__content\">\n\t\t\t\t\t\t\t\t\t\t\t<\/div>\n\t\t\t\t\t\t\t\t\t<\/a>\n\t\t\t\t\t<\/div>\n\t\t\t\t\t<\/div>\n\t\t\t\t\t<\/div>\n\t\t\t\t<\/div>\n\t\t\t\t<\/div>","protected":false},"excerpt":{"rendered":"<p>LOS DETALLES IMPORTAN Un traje no termina en la chaqueta ni en el pantal\u00f3n. La diferencia entre vestirse y tener estilo est\u00e1 en los detalles. En Ib\u00e1\u00f1ez cuidamos cada elemento que completa el conjunto: chalecos, camisas, corbatas, tirantes, cinturones, calcetines y zapatos, elegidos con el mismo criterio con el que se elige un buen tejido. [&hellip;]<\/p>\n","protected":false},"author":1,"featured_media":0,"parent":0,"menu_order":0,"comment_status":"closed","ping_status":"closed","template":"elementor_canvas","meta":{"footnotes":""},"class_list":["post-28","page","type-page","status-publish","hentry"],"yoast_head":"<!-- This site is optimized with the Yoast SEO plugin v27.4 - https:\/\/yoast.com\/product\/yoast-seo-wordpress\/ -->\n<title>LOS DETALLES - Iba\u00f1ez Ceremonia<\/title>\n<meta name=\"robots\" content=\"index, follow, max-snippet:-1, max-image-preview:large, max-video-preview:-1\" \/>\n<link rel=\"canonical\" href=\"https:\/\/xn--ibaezceremonia-snb.es\/eu\/los-detalles\/\" \/>\n<meta property=\"og:locale\" content=\"en_US\" \/>\n<meta property=\"og:type\" content=\"article\" \/>\n<meta property=\"og:title\" content=\"LOS DETALLES - Iba\u00f1ez Ceremonia\" \/>\n<meta property=\"og:description\" content=\"LOS DETALLES IMPORTAN Un traje no termina en la chaqueta ni en el pantal\u00f3n. La diferencia entre vestirse y tener estilo est\u00e1 en los detalles. En Ib\u00e1\u00f1ez cuidamos cada elemento que completa el conjunto: chalecos, camisas, corbatas, tirantes, cinturones, calcetines y zapatos, elegidos con el mismo criterio con el que se elige un buen tejido. [&hellip;]\" \/>\n<meta property=\"og:url\" content=\"https:\/\/xn--ibaezceremonia-snb.es\/eu\/los-detalles\/\" \/>\n<meta property=\"og:site_name\" content=\"Iba\u00f1ez Ceremonia\" \/>\n<meta property=\"article:modified_time\" content=\"2025-11-06T09:16:32+00:00\" \/>\n<meta name=\"twitter:card\" content=\"summary_large_image\" \/>\n<meta name=\"twitter:label1\" content=\"Est. reading time\" \/>\n\t<meta name=\"twitter:data1\" content=\"1 minutua\" \/>\n<script type=\"application\/ld+json\" class=\"yoast-schema-graph\">{\"@context\":\"https:\\\/\\\/schema.org\",\"@graph\":[{\"@type\":\"WebPage\",\"@id\":\"https:\\\/\\\/xn--ibaezceremonia-snb.es\\\/los-detalles\\\/\",\"url\":\"https:\\\/\\\/xn--ibaezceremonia-snb.es\\\/los-detalles\\\/\",\"name\":\"LOS DETALLES - Iba\u00f1ez Ceremonia\",\"isPartOf\":{\"@id\":\"https:\\\/\\\/xn--ibaezceremonia-snb.es\\\/#website\"},\"datePublished\":\"2025-10-13T15:35:16+00:00\",\"dateModified\":\"2025-11-06T09:16:32+00:00\",\"breadcrumb\":{\"@id\":\"https:\\\/\\\/xn--ibaezceremonia-snb.es\\\/los-detalles\\\/#breadcrumb\"},\"inLanguage\":\"eu\",\"potentialAction\":[{\"@type\":\"ReadAction\",\"target\":[\"https:\\\/\\\/xn--ibaezceremonia-snb.es\\\/los-detalles\\\/\"]}]},{\"@type\":\"BreadcrumbList\",\"@id\":\"https:\\\/\\\/xn--ibaezceremonia-snb.es\\\/los-detalles\\\/#breadcrumb\",\"itemListElement\":[{\"@type\":\"ListItem\",\"position\":1,\"name\":\"Portada\",\"item\":\"https:\\\/\\\/xn--ibaezceremonia-snb.es\\\/\"},{\"@type\":\"ListItem\",\"position\":2,\"name\":\"LOS DETALLES\"}]},{\"@type\":\"WebSite\",\"@id\":\"https:\\\/\\\/xn--ibaezceremonia-snb.es\\\/#website\",\"url\":\"https:\\\/\\\/xn--ibaezceremonia-snb.es\\\/\",\"name\":\"Iba\u00f1ez Ceremonia\",\"description\":\"En la tienda encontrar\u00e1s trajes, chalecos, camisas, zapatos y complementos, seleccionados con la misma idea: prendas que sientan bien, duren y hablen bien de quien las lleva.\",\"publisher\":{\"@id\":\"https:\\\/\\\/xn--ibaezceremonia-snb.es\\\/#organization\"},\"potentialAction\":[{\"@type\":\"SearchAction\",\"target\":{\"@type\":\"EntryPoint\",\"urlTemplate\":\"https:\\\/\\\/xn--ibaezceremonia-snb.es\\\/?s={search_term_string}\"},\"query-input\":{\"@type\":\"PropertyValueSpecification\",\"valueRequired\":true,\"valueName\":\"search_term_string\"}}],\"inLanguage\":\"eu\"},{\"@type\":\"Organization\",\"@id\":\"https:\\\/\\\/xn--ibaezceremonia-snb.es\\\/#organization\",\"name\":\"Iba\u00f1ez Ceremonia\",\"url\":\"https:\\\/\\\/xn--ibaezceremonia-snb.es\\\/\",\"logo\":{\"@type\":\"ImageObject\",\"inLanguage\":\"eu\",\"@id\":\"https:\\\/\\\/xn--ibaezceremonia-snb.es\\\/#\\\/schema\\\/logo\\\/image\\\/\",\"url\":\"https:\\\/\\\/xn--ibaezceremonia-snb.es\\\/wp-content\\\/uploads\\\/2025\\\/10\\\/cropped-cropped-Diseno-sin-titulo-2.png\",\"contentUrl\":\"https:\\\/\\\/xn--ibaezceremonia-snb.es\\\/wp-content\\\/uploads\\\/2025\\\/10\\\/cropped-cropped-Diseno-sin-titulo-2.png\",\"width\":512,\"height\":380,\"caption\":\"Iba\u00f1ez Ceremonia\"},\"image\":{\"@id\":\"https:\\\/\\\/xn--ibaezceremonia-snb.es\\\/#\\\/schema\\\/logo\\\/image\\\/\"}}]}<\/script>\n<!-- \/ Yoast SEO plugin. -->","yoast_head_json":{"title":"LOS DETALLES - Iba\u00f1ez Ceremonia","robots":{"index":"index","follow":"follow","max-snippet":"max-snippet:-1","max-image-preview":"max-image-preview:large","max-video-preview":"max-video-preview:-1"},"canonical":"https:\/\/xn--ibaezceremonia-snb.es\/eu\/los-detalles\/","og_locale":"en_US","og_type":"article","og_title":"LOS DETALLES - Iba\u00f1ez Ceremonia","og_description":"LOS DETALLES IMPORTAN Un traje no termina en la chaqueta ni en el pantal\u00f3n. La diferencia entre vestirse y tener estilo est\u00e1 en los detalles. En Ib\u00e1\u00f1ez cuidamos cada elemento que completa el conjunto: chalecos, camisas, corbatas, tirantes, cinturones, calcetines y zapatos, elegidos con el mismo criterio con el que se elige un buen tejido. [&hellip;]","og_url":"https:\/\/xn--ibaezceremonia-snb.es\/eu\/los-detalles\/","og_site_name":"Iba\u00f1ez Ceremonia","article_modified_time":"2025-11-06T09:16:32+00:00","twitter_card":"summary_large_image","twitter_misc":{"Est. reading time":"1 minutua"},"schema":{"@context":"https:\/\/schema.org","@graph":[{"@type":"WebPage","@id":"https:\/\/xn--ibaezceremonia-snb.es\/los-detalles\/","url":"https:\/\/xn--ibaezceremonia-snb.es\/los-detalles\/","name":"LOS DETALLES - Iba\u00f1ez Ceremonia","isPartOf":{"@id":"https:\/\/xn--ibaezceremonia-snb.es\/#website"},"datePublished":"2025-10-13T15:35:16+00:00","dateModified":"2025-11-06T09:16:32+00:00","breadcrumb":{"@id":"https:\/\/xn--ibaezceremonia-snb.es\/los-detalles\/#breadcrumb"},"inLanguage":"eu","potentialAction":[{"@type":"ReadAction","target":["https:\/\/xn--ibaezceremonia-snb.es\/los-detalles\/"]}]},{"@type":"BreadcrumbList","@id":"https:\/\/xn--ibaezceremonia-snb.es\/los-detalles\/#breadcrumb","itemListElement":[{"@type":"ListItem","position":1,"name":"Portada","item":"https:\/\/xn--ibaezceremonia-snb.es\/"},{"@type":"ListItem","position":2,"name":"LOS DETALLES"}]},{"@type":"WebSite","@id":"https:\/\/xn--ibaezceremonia-snb.es\/#website","url":"https:\/\/xn--ibaezceremonia-snb.es\/","name":"Iba\u00f1ez Ceremonia","description":"Dendan ideia berarekin aukeratutako jantziak, txalekoak, alkandorak, zapatak eta osagarriak aurkituko dituzu: ongi sentitzen diren jantziak, irauten dutenak eta soinean daramanari buruz ondo hitz egiten dutenak.","publisher":{"@id":"https:\/\/xn--ibaezceremonia-snb.es\/#organization"},"potentialAction":[{"@type":"SearchAction","target":{"@type":"EntryPoint","urlTemplate":"https:\/\/xn--ibaezceremonia-snb.es\/?s={search_term_string}"},"query-input":{"@type":"PropertyValueSpecification","valueRequired":true,"valueName":"search_term_string"}}],"inLanguage":"eu"},{"@type":"Organization","@id":"https:\/\/xn--ibaezceremonia-snb.es\/#organization","name":"Iba\u00f1ez Ceremonia","url":"https:\/\/xn--ibaezceremonia-snb.es\/","logo":{"@type":"ImageObject","inLanguage":"eu","@id":"https:\/\/xn--ibaezceremonia-snb.es\/#\/schema\/logo\/image\/","url":"https:\/\/xn--ibaezceremonia-snb.es\/wp-content\/uploads\/2025\/10\/cropped-cropped-Diseno-sin-titulo-2.png","contentUrl":"https:\/\/xn--ibaezceremonia-snb.es\/wp-content\/uploads\/2025\/10\/cropped-cropped-Diseno-sin-titulo-2.png","width":512,"height":380,"caption":"Iba\u00f1ez Ceremonia"},"image":{"@id":"https:\/\/xn--ibaezceremonia-snb.es\/#\/schema\/logo\/image\/"}}]}},"_links":{"self":[{"href":"https:\/\/xn--ibaezceremonia-snb.es\/eu\/wp-json\/wp\/v2\/pages\/28","targetHints":{"allow":["GET"]}}],"collection":[{"href":"https:\/\/xn--ibaezceremonia-snb.es\/eu\/wp-json\/wp\/v2\/pages"}],"about":[{"href":"https:\/\/xn--ibaezceremonia-snb.es\/eu\/wp-json\/wp\/v2\/types\/page"}],"author":[{"embeddable":true,"href":"https:\/\/xn--ibaezceremonia-snb.es\/eu\/wp-json\/wp\/v2\/users\/1"}],"replies":[{"embeddable":true,"href":"https:\/\/xn--ibaezceremonia-snb.es\/eu\/wp-json\/wp\/v2\/comments?post=28"}],"version-history":[{"count":554,"href":"https:\/\/xn--ibaezceremonia-snb.es\/eu\/wp-json\/wp\/v2\/pages\/28\/revisions"}],"predecessor-version":[{"id":4915,"href":"https:\/\/xn--ibaezceremonia-snb.es\/eu\/wp-json\/wp\/v2\/pages\/28\/revisions\/4915"}],"wp:attachment":[{"href":"https:\/\/xn--ibaezceremonia-snb.es\/eu\/wp-json\/wp\/v2\/media?parent=28"}],"curies":[{"name":"wp","href":"https:\/\/api.w.org\/{rel}","templated":true}]}}