{"id":1891,"date":"2025-10-14T14:34:26","date_gmt":"2025-10-14T14:34:26","guid":{"rendered":"https:\/\/xn--ibaezceremonia-snb.rkinformatika.online\/?page_id=1891"},"modified":"2025-11-06T08:37:51","modified_gmt":"2025-11-06T08:37:51","slug":"mi-primer-traje","status":"publish","type":"page","link":"https:\/\/xn--ibaezceremonia-snb.es\/eu\/mi-primer-traje\/","title":{"rendered":"NIRE LEHEN JANTZIA"},"content":{"rendered":"<div data-elementor-type=\"wp-page\" data-elementor-id=\"1891\" class=\"elementor elementor-1891\" data-elementor-post-type=\"page\">\n\t\t\t\t<div class=\"elementor-element elementor-element-ce47994 e-flex e-con-boxed e-con e-parent\" data-id=\"ce47994\" data-element_type=\"container\" data-e-type=\"container\" data-settings=\"{&quot;background_background&quot;:&quot;classic&quot;}\">\n\t\t\t\t\t<div class=\"e-con-inner\">\n\t\t<div class=\"elementor-element elementor-element-b0425f7 e-con-full e-flex e-con e-child\" data-id=\"b0425f7\" data-element_type=\"container\" data-e-type=\"container\">\n\t\t\t\t<div class=\"elementor-element elementor-element-dc7e314 animated-slow elementor-widget__width-initial elementor-invisible elementor-widget elementor-widget-heading\" data-id=\"dc7e314\" data-element_type=\"widget\" data-e-type=\"widget\" data-settings=\"{&quot;_animation&quot;:&quot;fadeIn&quot;}\" data-widget_type=\"heading.default\">\n\t\t\t\t\t<h2 class=\"elementor-heading-title elementor-size-default\">NIRE LEHEN JANTZIA\n<\/h2>\t\t\t\t<\/div>\n\t\t\t\t<div class=\"elementor-element elementor-element-564dbc7 elementor-widget elementor-widget-text-editor\" data-id=\"564dbc7\" data-element_type=\"widget\" data-e-type=\"widget\" data-widget_type=\"text-editor.default\">\n\t\t\t\t\t\t\t\t\t<p class=\"cvGsUA direction-ltr align-start para-style-body\"><span class=\"a_GcMg font-feature-liga-off font-feature-clig-off font-feature-calt-off text-decoration-none text-strikethrough-none\">Graduaciones, nocheviejas, fiestas de los 15 o los 18\u2026 Sabemos que ponerse un traje por primera vez puede imponer.<\/span><\/p><p class=\"cvGsUA direction-ltr align-start para-style-body\"><span class=\"a_GcMg font-feature-liga-off font-feature-clig-off font-feature-calt-off text-decoration-none text-strikethrough-none\">Hasta que te pruebas uno de Ib\u00e1\u00f1ez Ceremonia. Entonces descubres que puedes sentirte <strong>tan c\u00f3modo como tus pantalones favoritos<\/strong>, pero vestido para enfrentarte a tu primer evento importante.<\/span><\/p><p class=\"cvGsUA direction-ltr align-start para-style-body\"><span class=\"a_GcMg font-feature-liga-off font-feature-clig-off font-feature-calt-off text-decoration-none text-strikethrough-none\">Te ayudamos a elegir el modelo que mejor te sienta, te tomamos las medidas all\u00ed mismo y <strong>dejamos las prendas marcadas mientras las llevas puestas<\/strong>, para que el ajuste sea exacto y a tu gusto.<\/span><\/p><p class=\"cvGsUA direction-ltr align-start para-style-body\"><span class=\"a_GcMg font-feature-liga-off font-feature-clig-off font-feature-calt-off text-decoration-none text-strikethrough-none\">Al contar con un taller propio para los arreglos, <strong>nuestras tarifas est\u00e1n por debajo del precio de mercado<\/strong>, y el resultado tiene una garant\u00eda del 100 %: el traje te lo llevas listo para pon\u00e9rtelo, sin pasos intermedios. Eso s\u00ed, necesitamos unos d\u00edas para hacer los arreglos,<strong> \u00a1no vengas el d\u00eda antes!<\/strong><\/span><\/p><p class=\"cvGsUA direction-ltr align-start para-style-body\"><span class=\"a_GcMg font-feature-liga-off font-feature-clig-off font-feature-calt-off text-decoration-none text-strikethrough-none\">Ya tienes el traje, \u00bfy ahora qu\u00e9? Creemos que <strong>los detalles son los que marcan la diferencia<\/strong>, as\u00ed que te ayudamos tambi\u00e9n a combinar la camisa, la corbata y todos los complementos que quieras a\u00f1adir, para que reflejen tu estilo y te hagan destacar.<\/span><\/p><p class=\"cvGsUA direction-ltr align-start para-style-body\"><span class=\"a_GcMg font-feature-liga-off font-feature-clig-off font-feature-calt-off text-decoration-none text-strikethrough-none\">Los precios de nuestros trajes para j\u00f3venes son similares a los que puedes encontrar en cualquier franquicia, pero con nosotros no ser\u00e1s uno m\u00e1s.<\/span><\/p><p class=\"cvGsUA direction-ltr align-start para-style-body\"><strong><span class=\"a_GcMg font-feature-liga-off font-feature-clig-off font-feature-calt-off text-decoration-none text-strikethrough-none\">Destacar\u00e1s por ser fiel a tu estilo propio.<\/span><\/strong><\/p>\t\t\t\t\t\t\t\t<\/div>\n\t\t\t\t<div class=\"elementor-element elementor-element-c3badc9 elementor-align-center elementor-mobile-align-center elementor-widget__width-initial elementor-widget-mobile__width-initial elementor-widget elementor-widget-button\" data-id=\"c3badc9\" data-element_type=\"widget\" data-e-type=\"widget\" data-widget_type=\"button.default\">\n\t\t\t\t\t\t\t\t\t\t<a class=\"elementor-button elementor-button-link elementor-size-sm\" href=\"tel:%20945%2024%2013%2090\">\n\t\t\t\t\t\t<span class=\"elementor-button-content-wrapper\">\n\t\t\t\t\t\t\t\t\t<span class=\"elementor-button-text\">Solicita tu cita<\/span>\n\t\t\t\t\t<\/span>\n\t\t\t\t\t<\/a>\n\t\t\t\t\t\t\t\t<\/div>\n\t\t\t\t<\/div>\n\t\t<div class=\"elementor-element elementor-element-bf6f4a5 e-con-full e-flex e-con e-child\" data-id=\"bf6f4a5\" data-element_type=\"container\" data-e-type=\"container\">\n\t\t\t\t<div class=\"elementor-element elementor-element-96da95d elementor-widget elementor-widget-image\" data-id=\"96da95d\" data-element_type=\"widget\" data-e-type=\"widget\" data-widget_type=\"image.default\">\n\t\t\t\t\t\t\t\t\t\t\t\t\t\t\t<img fetchpriority=\"high\" decoding=\"async\" width=\"1800\" height=\"2400\" src=\"https:\/\/xn--ibaezceremonia-snb.es\/wp-content\/uploads\/2025\/11\/image00013.jpeg\" class=\"attachment-full size-full wp-image-4846\" alt=\"\" srcset=\"https:\/\/xn--ibaezceremonia-snb.es\/wp-content\/uploads\/2025\/11\/image00013.jpeg 1800w, https:\/\/xn--ibaezceremonia-snb.es\/wp-content\/uploads\/2025\/11\/image00013-225x300.jpeg 225w, https:\/\/xn--ibaezceremonia-snb.es\/wp-content\/uploads\/2025\/11\/image00013-768x1024.jpeg 768w, https:\/\/xn--ibaezceremonia-snb.es\/wp-content\/uploads\/2025\/11\/image00013-1152x1536.jpeg 1152w, https:\/\/xn--ibaezceremonia-snb.es\/wp-content\/uploads\/2025\/11\/image00013-1536x2048.jpeg 1536w, https:\/\/xn--ibaezceremonia-snb.es\/wp-content\/uploads\/2025\/11\/image00013-9x12.jpeg 9w\" sizes=\"(max-width: 1800px) 100vw, 1800px\" \/>\t\t\t\t\t\t\t\t\t\t\t\t\t\t\t<\/div>\n\t\t\t\t<\/div>\n\t\t\t\t\t<\/div>\n\t\t\t\t<\/div>\n\t\t\t\t<\/div>","protected":false},"excerpt":{"rendered":"<p>MI PRIMER TRAJE Graduaciones, nocheviejas, fiestas de los 15 o los 18\u2026 Sabemos que ponerse un traje por primera vez puede imponer. Hasta que te pruebas uno de Ib\u00e1\u00f1ez Ceremonia. Entonces descubres que puedes sentirte tan c\u00f3modo como tus pantalones favoritos, pero vestido para enfrentarte a tu primer evento importante. Te ayudamos a elegir el [&hellip;]<\/p>\n","protected":false},"author":1,"featured_media":0,"parent":0,"menu_order":0,"comment_status":"closed","ping_status":"closed","template":"elementor_canvas","meta":{"footnotes":""},"class_list":["post-1891","page","type-page","status-publish","hentry"],"yoast_head":"<!-- This site is optimized with the Yoast SEO plugin v27.4 - https:\/\/yoast.com\/product\/yoast-seo-wordpress\/ -->\n<title>MI PRIMER TRAJE - Iba\u00f1ez Ceremonia<\/title>\n<meta name=\"robots\" content=\"index, follow, max-snippet:-1, max-image-preview:large, max-video-preview:-1\" \/>\n<link rel=\"canonical\" href=\"https:\/\/xn--ibaezceremonia-snb.es\/eu\/mi-primer-traje\/\" \/>\n<meta property=\"og:locale\" content=\"en_US\" \/>\n<meta property=\"og:type\" content=\"article\" \/>\n<meta property=\"og:title\" content=\"MI PRIMER TRAJE - Iba\u00f1ez Ceremonia\" \/>\n<meta property=\"og:description\" content=\"MI PRIMER TRAJE Graduaciones, nocheviejas, fiestas de los 15 o los 18\u2026 Sabemos que ponerse un traje por primera vez puede imponer. Hasta que te pruebas uno de Ib\u00e1\u00f1ez Ceremonia. Entonces descubres que puedes sentirte tan c\u00f3modo como tus pantalones favoritos, pero vestido para enfrentarte a tu primer evento importante. Te ayudamos a elegir el [&hellip;]\" \/>\n<meta property=\"og:url\" content=\"https:\/\/xn--ibaezceremonia-snb.es\/eu\/mi-primer-traje\/\" \/>\n<meta property=\"og:site_name\" content=\"Iba\u00f1ez Ceremonia\" \/>\n<meta property=\"article:modified_time\" content=\"2025-11-06T08:37:51+00:00\" \/>\n<meta property=\"og:image\" content=\"https:\/\/xn--ibaezceremonia-snb.es\/wp-content\/uploads\/2025\/11\/image00013.jpeg\" \/>\n<meta name=\"twitter:card\" content=\"summary_large_image\" \/>\n<meta name=\"twitter:label1\" content=\"Est. reading time\" \/>\n\t<meta name=\"twitter:data1\" content=\"1 minutua\" \/>\n<script type=\"application\/ld+json\" class=\"yoast-schema-graph\">{\"@context\":\"https:\\\/\\\/schema.org\",\"@graph\":[{\"@type\":\"WebPage\",\"@id\":\"https:\\\/\\\/xn--ibaezceremonia-snb.es\\\/mi-primer-traje\\\/\",\"url\":\"https:\\\/\\\/xn--ibaezceremonia-snb.es\\\/mi-primer-traje\\\/\",\"name\":\"MI PRIMER TRAJE - Iba\u00f1ez Ceremonia\",\"isPartOf\":{\"@id\":\"https:\\\/\\\/xn--ibaezceremonia-snb.es\\\/#website\"},\"primaryImageOfPage\":{\"@id\":\"https:\\\/\\\/xn--ibaezceremonia-snb.es\\\/mi-primer-traje\\\/#primaryimage\"},\"image\":{\"@id\":\"https:\\\/\\\/xn--ibaezceremonia-snb.es\\\/mi-primer-traje\\\/#primaryimage\"},\"thumbnailUrl\":\"https:\\\/\\\/xn--ibaezceremonia-snb.es\\\/wp-content\\\/uploads\\\/2025\\\/11\\\/image00013.jpeg\",\"datePublished\":\"2025-10-14T14:34:26+00:00\",\"dateModified\":\"2025-11-06T08:37:51+00:00\",\"breadcrumb\":{\"@id\":\"https:\\\/\\\/xn--ibaezceremonia-snb.es\\\/mi-primer-traje\\\/#breadcrumb\"},\"inLanguage\":\"eu\",\"potentialAction\":[{\"@type\":\"ReadAction\",\"target\":[\"https:\\\/\\\/xn--ibaezceremonia-snb.es\\\/mi-primer-traje\\\/\"]}]},{\"@type\":\"ImageObject\",\"inLanguage\":\"eu\",\"@id\":\"https:\\\/\\\/xn--ibaezceremonia-snb.es\\\/mi-primer-traje\\\/#primaryimage\",\"url\":\"https:\\\/\\\/xn--ibaezceremonia-snb.es\\\/wp-content\\\/uploads\\\/2025\\\/11\\\/image00013.jpeg\",\"contentUrl\":\"https:\\\/\\\/xn--ibaezceremonia-snb.es\\\/wp-content\\\/uploads\\\/2025\\\/11\\\/image00013.jpeg\"},{\"@type\":\"BreadcrumbList\",\"@id\":\"https:\\\/\\\/xn--ibaezceremonia-snb.es\\\/mi-primer-traje\\\/#breadcrumb\",\"itemListElement\":[{\"@type\":\"ListItem\",\"position\":1,\"name\":\"Portada\",\"item\":\"https:\\\/\\\/xn--ibaezceremonia-snb.es\\\/\"},{\"@type\":\"ListItem\",\"position\":2,\"name\":\"MI PRIMER TRAJE\"}]},{\"@type\":\"WebSite\",\"@id\":\"https:\\\/\\\/xn--ibaezceremonia-snb.es\\\/#website\",\"url\":\"https:\\\/\\\/xn--ibaezceremonia-snb.es\\\/\",\"name\":\"Iba\u00f1ez Ceremonia\",\"description\":\"En la tienda encontrar\u00e1s trajes, chalecos, camisas, zapatos y complementos, seleccionados con la misma idea: prendas que sientan bien, duren y hablen bien de quien las lleva.\",\"publisher\":{\"@id\":\"https:\\\/\\\/xn--ibaezceremonia-snb.es\\\/#organization\"},\"potentialAction\":[{\"@type\":\"SearchAction\",\"target\":{\"@type\":\"EntryPoint\",\"urlTemplate\":\"https:\\\/\\\/xn--ibaezceremonia-snb.es\\\/?s={search_term_string}\"},\"query-input\":{\"@type\":\"PropertyValueSpecification\",\"valueRequired\":true,\"valueName\":\"search_term_string\"}}],\"inLanguage\":\"eu\"},{\"@type\":\"Organization\",\"@id\":\"https:\\\/\\\/xn--ibaezceremonia-snb.es\\\/#organization\",\"name\":\"Iba\u00f1ez Ceremonia\",\"url\":\"https:\\\/\\\/xn--ibaezceremonia-snb.es\\\/\",\"logo\":{\"@type\":\"ImageObject\",\"inLanguage\":\"eu\",\"@id\":\"https:\\\/\\\/xn--ibaezceremonia-snb.es\\\/#\\\/schema\\\/logo\\\/image\\\/\",\"url\":\"https:\\\/\\\/xn--ibaezceremonia-snb.es\\\/wp-content\\\/uploads\\\/2025\\\/10\\\/cropped-cropped-Diseno-sin-titulo-2.png\",\"contentUrl\":\"https:\\\/\\\/xn--ibaezceremonia-snb.es\\\/wp-content\\\/uploads\\\/2025\\\/10\\\/cropped-cropped-Diseno-sin-titulo-2.png\",\"width\":512,\"height\":380,\"caption\":\"Iba\u00f1ez Ceremonia\"},\"image\":{\"@id\":\"https:\\\/\\\/xn--ibaezceremonia-snb.es\\\/#\\\/schema\\\/logo\\\/image\\\/\"}}]}<\/script>\n<!-- \/ Yoast SEO plugin. -->","yoast_head_json":{"title":"MI PRIMER TRAJE - Iba\u00f1ez Ceremonia","robots":{"index":"index","follow":"follow","max-snippet":"max-snippet:-1","max-image-preview":"max-image-preview:large","max-video-preview":"max-video-preview:-1"},"canonical":"https:\/\/xn--ibaezceremonia-snb.es\/eu\/mi-primer-traje\/","og_locale":"en_US","og_type":"article","og_title":"MI PRIMER TRAJE - Iba\u00f1ez Ceremonia","og_description":"MI PRIMER TRAJE Graduaciones, nocheviejas, fiestas de los 15 o los 18\u2026 Sabemos que ponerse un traje por primera vez puede imponer. Hasta que te pruebas uno de Ib\u00e1\u00f1ez Ceremonia. Entonces descubres que puedes sentirte tan c\u00f3modo como tus pantalones favoritos, pero vestido para enfrentarte a tu primer evento importante. Te ayudamos a elegir el [&hellip;]","og_url":"https:\/\/xn--ibaezceremonia-snb.es\/eu\/mi-primer-traje\/","og_site_name":"Iba\u00f1ez Ceremonia","article_modified_time":"2025-11-06T08:37:51+00:00","og_image":[{"url":"https:\/\/xn--ibaezceremonia-snb.es\/wp-content\/uploads\/2025\/11\/image00013.jpeg","type":"","width":"","height":""}],"twitter_card":"summary_large_image","twitter_misc":{"Est. reading time":"1 minutua"},"schema":{"@context":"https:\/\/schema.org","@graph":[{"@type":"WebPage","@id":"https:\/\/xn--ibaezceremonia-snb.es\/mi-primer-traje\/","url":"https:\/\/xn--ibaezceremonia-snb.es\/mi-primer-traje\/","name":"MI PRIMER TRAJE - Iba\u00f1ez Ceremonia","isPartOf":{"@id":"https:\/\/xn--ibaezceremonia-snb.es\/#website"},"primaryImageOfPage":{"@id":"https:\/\/xn--ibaezceremonia-snb.es\/mi-primer-traje\/#primaryimage"},"image":{"@id":"https:\/\/xn--ibaezceremonia-snb.es\/mi-primer-traje\/#primaryimage"},"thumbnailUrl":"https:\/\/xn--ibaezceremonia-snb.es\/wp-content\/uploads\/2025\/11\/image00013.jpeg","datePublished":"2025-10-14T14:34:26+00:00","dateModified":"2025-11-06T08:37:51+00:00","breadcrumb":{"@id":"https:\/\/xn--ibaezceremonia-snb.es\/mi-primer-traje\/#breadcrumb"},"inLanguage":"eu","potentialAction":[{"@type":"ReadAction","target":["https:\/\/xn--ibaezceremonia-snb.es\/mi-primer-traje\/"]}]},{"@type":"ImageObject","inLanguage":"eu","@id":"https:\/\/xn--ibaezceremonia-snb.es\/mi-primer-traje\/#primaryimage","url":"https:\/\/xn--ibaezceremonia-snb.es\/wp-content\/uploads\/2025\/11\/image00013.jpeg","contentUrl":"https:\/\/xn--ibaezceremonia-snb.es\/wp-content\/uploads\/2025\/11\/image00013.jpeg"},{"@type":"BreadcrumbList","@id":"https:\/\/xn--ibaezceremonia-snb.es\/mi-primer-traje\/#breadcrumb","itemListElement":[{"@type":"ListItem","position":1,"name":"Portada","item":"https:\/\/xn--ibaezceremonia-snb.es\/"},{"@type":"ListItem","position":2,"name":"MI PRIMER TRAJE"}]},{"@type":"WebSite","@id":"https:\/\/xn--ibaezceremonia-snb.es\/#website","url":"https:\/\/xn--ibaezceremonia-snb.es\/","name":"Iba\u00f1ez Ceremonia","description":"Dendan ideia berarekin aukeratutako jantziak, txalekoak, alkandorak, zapatak eta osagarriak aurkituko dituzu: ongi sentitzen diren jantziak, irauten dutenak eta soinean daramanari buruz ondo hitz egiten dutenak.","publisher":{"@id":"https:\/\/xn--ibaezceremonia-snb.es\/#organization"},"potentialAction":[{"@type":"SearchAction","target":{"@type":"EntryPoint","urlTemplate":"https:\/\/xn--ibaezceremonia-snb.es\/?s={search_term_string}"},"query-input":{"@type":"PropertyValueSpecification","valueRequired":true,"valueName":"search_term_string"}}],"inLanguage":"eu"},{"@type":"Organization","@id":"https:\/\/xn--ibaezceremonia-snb.es\/#organization","name":"Iba\u00f1ez Ceremonia","url":"https:\/\/xn--ibaezceremonia-snb.es\/","logo":{"@type":"ImageObject","inLanguage":"eu","@id":"https:\/\/xn--ibaezceremonia-snb.es\/#\/schema\/logo\/image\/","url":"https:\/\/xn--ibaezceremonia-snb.es\/wp-content\/uploads\/2025\/10\/cropped-cropped-Diseno-sin-titulo-2.png","contentUrl":"https:\/\/xn--ibaezceremonia-snb.es\/wp-content\/uploads\/2025\/10\/cropped-cropped-Diseno-sin-titulo-2.png","width":512,"height":380,"caption":"Iba\u00f1ez Ceremonia"},"image":{"@id":"https:\/\/xn--ibaezceremonia-snb.es\/#\/schema\/logo\/image\/"}}]}},"_links":{"self":[{"href":"https:\/\/xn--ibaezceremonia-snb.es\/eu\/wp-json\/wp\/v2\/pages\/1891","targetHints":{"allow":["GET"]}}],"collection":[{"href":"https:\/\/xn--ibaezceremonia-snb.es\/eu\/wp-json\/wp\/v2\/pages"}],"about":[{"href":"https:\/\/xn--ibaezceremonia-snb.es\/eu\/wp-json\/wp\/v2\/types\/page"}],"author":[{"embeddable":true,"href":"https:\/\/xn--ibaezceremonia-snb.es\/eu\/wp-json\/wp\/v2\/users\/1"}],"replies":[{"embeddable":true,"href":"https:\/\/xn--ibaezceremonia-snb.es\/eu\/wp-json\/wp\/v2\/comments?post=1891"}],"version-history":[{"count":167,"href":"https:\/\/xn--ibaezceremonia-snb.es\/eu\/wp-json\/wp\/v2\/pages\/1891\/revisions"}],"predecessor-version":[{"id":4891,"href":"https:\/\/xn--ibaezceremonia-snb.es\/eu\/wp-json\/wp\/v2\/pages\/1891\/revisions\/4891"}],"wp:attachment":[{"href":"https:\/\/xn--ibaezceremonia-snb.es\/eu\/wp-json\/wp\/v2\/media?parent=1891"}],"curies":[{"name":"wp","href":"https:\/\/api.w.org\/{rel}","templated":true}]}}